{"id":366,"date":"2014-09-18T21:50:58","date_gmt":"2014-09-18T19:50:58","guid":{"rendered":"http:\/\/www.dogbite.de\/?page_id=366"},"modified":"2014-09-18T21:50:58","modified_gmt":"2014-09-18T19:50:58","slug":"agb","status":"publish","type":"page","link":"https:\/\/dogbite.de\/en\/contact\/agb\/","title":{"rendered":"AGB"},"content":{"rendered":"<h1 class=\"csc-firstHeader\">Allgemeine Gesch\u00e4ftsbedingungen<\/h1>\n<p><b>DogBite GbR<\/b><br \/>\nStauferring 7<br \/>\nD-88339 Bad Waldsee<br \/>\nTel: +49 (0) 7524-804463<br \/>\nFax: +49 (0) 7524-49997<br \/>\n<b>1. Vertragsgrundlage<\/b><br \/>\nAllen Vertr\u00e4gen, die der Kunde \u00fcber das Internet oder mittels sonstiger Fernkommunikationsmittel mit . DogBite GbR abschlie\u00dft, liegen ausschlie\u00dflich diese AGB zugrunde. Diese erkennt der Kunde mit seiner Bestellung ausdr\u00fccklich an.<br \/>\n<b>2. Produktauswahl<\/b><br \/>\n<b>2.1 Eigentumsvorbehalt:<\/b><\/p>\n<p>Bis zur vollst\u00e4ndigen Zahlung bleibt die Ware Eigentum des Verk\u00e4ufers.<br \/>\n2.2<br \/>\nHinsichtlich jedes Produkts erh\u00e4lt der Kunde eine gesonderte Produktbeschreibung<br \/>\nauf der jeweiligen Website. Diese Produktbeschreibung erh\u00e4lt der Kunde zus\u00e4tzlich in<br \/>\ngedruckter Form, wenn ihm die bestellte Ware ausgeliefert wird.<br \/>\n2.3<br \/>\nDer Kunde kann die von Ihm gew\u00fcnschten Produkte auf der Website anklicken. Diese<br \/>\nwerden in einem virtuellen Warenkorb gesammelt und der Kunde erh\u00e4lt am Ende<br \/>\nseines Einkaufs eine Zusammenstellung der Produkte zum Gesamtendpreis inkl.<br \/>\nMehrwertsteuer.<br \/>\n2.4<br \/>\nVor Versendung der Bestellung erm\u00f6glicht DogBite GbR dem Kunden, die Bestellung auf Ihre inhaltliche Richtigkeit, insbesondere auf Preis und Menge zu<br \/>\n\u00fcberpr\u00fcfen und gegebenenfalls zu korrigieren.<br \/>\n<b>3. Widerrufsbelehrung<\/b><br \/>\n3.1 Widerrufsrecht<br \/>\nIst der Kunde Verbraucher im Sinne von \u00a713 BGB, so kann er seine Vertragserkl\u00e4rung innerhalb von 14 Tagen ohne Angaben von Gr\u00fcnden in Textform (z.B.: Brief, Fax, E-Mail) oder durch R\u00fccksendung der Sache wiederrufen. Die Frist beginnt fr\u00fchestens mit Erhalt dieser Belehrung. Zur Wahrung der Widerrufsfrist gen\u00fcgt die rechtzeitige Absendung des Widerrufs oder der Sache. Der Widerruf ist zu richten an:<br \/>\nDogBite GbR<br \/>\nStauferring 7<br \/>\nD-88339 Bad Waldsee<br \/>\nTel: +49 (0) 7524-804463<br \/>\nFax: +49 (0) 7524-49997<br \/>\nAchtung:<br \/>\n&#8211; Unfreie R\u00fccksendungen und Nachnahmesendungen werden von uns nicht angenommen!<br \/>\n&#8211; Sollten Sie bereits bei Anlieferung einen Transportschaden feststellen, diese bitte unbedingt vom Lieferservice abzeichnen lassen!<br \/>\n3.2<br \/>\nWiderrufsfolgen<br \/>\nIm Falle eines wirksamen Widerrufs sind die beiderseits empfangenen Leistungen<br \/>\nzur\u00fcckzugew\u00e4hren und ggf. gezogene Nutzungen (z.B.: Zinsen) herauszugeben. Kann<br \/>\nder Kunde die empfangenen Leistung ganz oder teilweise nicht oder nur in<br \/>\nverschlechtertem Zustand zur\u00fcckgew\u00e4hren, muss er DogBite GbR<br \/>\nsoweit Wertersatz leisten. Bei der \u00dcberlassung von Sachen gilt dies nicht, wenn die<br \/>\nVerschlechterung der Sache ausschlie\u00dflich auf deren Pr\u00fcfung &#8211; wie sie dem Kunden<br \/>\netwa im Ladengesch\u00e4ft m\u00f6glich gewesen w\u00e4re &#8211; zur\u00fcckzuf\u00fchren ist. Im \u00dcbrigen kann<br \/>\nder Kunde die Wertersatzpflicht vermeiden, indem er die Sache nicht wie ein<br \/>\nEigent\u00fcmer in Gebrauch nimmt und alles unterl\u00e4sst, was deren Wert beeintr\u00e4chtigt.<br \/>\nPaketversandf\u00e4hige Sachen sind zur\u00fcckzusenden. Die Kosten der R\u00fccksendung tr\u00e4gt<br \/>\nbei einem Warenwert bis 40,&#8211; Euro der K\u00e4ufer, sofern die gelieferte Ware der<br \/>\nbestellten entspricht. Andernfalls ist die R\u00fccksendung kostenfrei. Bei einem<br \/>\nWarenwert \u00fcber 40,&#8211; Euro tr\u00e4gt der Verk\u00e4ufer die Kosten f\u00fcr die R\u00fccksendung. Nicht versandf\u00e4hige Sachen werden beim Kunden abgeholt.<br \/>\n<b><br \/>\n3.3 Besondere Hinweise<\/b><br \/>\nDas Widerrufsrecht des Kunden erlischt vorzeitig, wenn der Vertragspartner des Kunden mit der Ausf\u00fchrung der Dienstleistung mit ausdr\u00fccklicher Zustimmung des<br \/>\nKunden vor Ende der Widerrufsfrist begonnen hat oder der Kunde diese selbst<br \/>\nveranlasst hat (z.B.: durch Download etc.) Verpflichtungen zur Erstattung von<br \/>\nZahlungen m\u00fcssen Sie innerhalb von 30 Tagen nach Absendung Ihrer Viderrufserkl\u00e4rung erf\u00fcllen.<br \/>\n<b>4. Preise<\/b><br \/>\nEs gelten die Listenpreise im Zeitpunkt der Bestellung, wie sie auf den Internetseiten dargestellt wurden. Die Preise verstehen sich ab Betriebssitz von DogBite GbR inklusive Mehrwertsteuer ohne Kosten f\u00fcr Verpackung und Versand.<br \/>\nAlle genannten Preise, sofern der Besteller Verbraucher im Sinne von \u00a7 13 BGB ist, verstehen sich inklusive der zum Zeitpunkt der Rechnungsstellung g\u00fcltigen Umsatzsteuer. F\u00fcr Besteller, die Unternehmer im Sinne von \u00a7 14 Abs.1 BGB sind, verstehen sich alle ihm dargelegten Preise zuz\u00fcglich der zum Zeitpunkt der Rechnungsstellung g\u00fcltigen Umsatzsteuer.<br \/>\n<b><br \/>\n5. Vertragsabschlu\u00df<\/b><br \/>\n5.1<br \/>\nDie Angebote von DogBite GbR auf der Website sind freibleibend. Damit ist DogBite GbR im Falle der Nichtverf\u00fcgbarkeit nicht zur Leistung verpflichtet.<br \/>\n5.2<br \/>\nDogBite GbR\u00a0ist berechtigt, eine in Qualit\u00e4t und Preis gleichwertige Ware zu liefern, wenn die bestellte Ware nicht verf\u00fcgbar ist und der Kunde seine Zustimmung zu diesem Verfahren im Bestellformular erkl\u00e4rt hat.<br \/>\n<b>6. Durchf\u00fchrung des Vertrages<\/b><br \/>\n<b>6.1 Bearbeitung von Bestellungen<\/b><br \/>\nDogBite GbR wird Bestellungen innerhalb von 48 Stunden bearbeiten und dem Kunden mitteilen, ob die gew\u00fcnschten Produkte verf\u00fcgbar sind.<br \/>\n<b>6.2 Auslieferung<\/b><br \/>\nSoweit die bestellten Produkte verf\u00fcgbar sind, wird DogBite GbR diese innerhalb von 14 Werktagen nach Eingang der Bestellung ausliefern.<br \/>\n6.3<br \/>\nVerpackungs- und Versandkosten, die grunds\u00e4tzlich der Kunde tr\u00e4gt, werden den<br \/>\nPreisen hinzugerechnet.<br \/>\n6.4<br \/>\nDer Versand der Ware erfolgt ausschlie\u00dflich nur gegen Vorkasse, und zwar nach<br \/>\nZahlungseingang und Wertstellung auf dem Konto von DogBite GbR, oder bei Abholung in bar.<br \/>\n6.5<br \/>\nDer Versand der Ware an den Kunden erfolgt nach M\u00f6glichkeit innerhalb von drei<br \/>\nWerktagen ab Zahlungseingang. \u00dcber etwaige Verz\u00f6gerungen wird der Kunde von DogBite GbR\u00a0unterrichtet.<br \/>\n6.6<br \/>\nMit Eingang der Bestellung wird die Ware von DogBite GbR f\u00fcr den Kunden reserviert. Erfolgt eine Zahlung nicht innerhalb von einer Woche ab<br \/>\nVertragsabschlu\u00df, so beh\u00e4lt DogBite GbR\u00a0eine anderweitige Verf\u00fcgung \u00fcber die Ware vor.<br \/>\nF\u00fcr den Inlandsversand wird bei Versendung per Paket und Vorauskasse des Kunden<br \/>\neine Versandkostenpauschale (inklusive Verpackung und Versicherung) berechnet.<br \/>\nF\u00fcr besonders sperrige oder schwere Sendungen, die die Post oder ein von DogBite GbR beauftragter Paketdienst nach ihren Bedingungen nicht mehr<br \/>\nbef\u00f6rdert, werden die jeweils tats\u00e4chlich anfallenden Frachtkosten berechnet. Hinzu<br \/>\nkommen die von der Post gegebenenfalls erhobenen und vom Kunden zu tragenden<br \/>\nZustell- und Nachnahmegeb\u00fchren.<br \/>\nF\u00fcr den Versand ins Ausland gelten die in der Anlage zu diesen Bedingungen<br \/>\naufgef\u00fchrten Versandkostenpauschalen. Bei Versendungen in L\u00e4nder au\u00dferhalb der<br \/>\nEU ist der Kunde f\u00fcr die ordnungsgem\u00e4\u00dfe Einfuhrverzollung auf seine Kosten<br \/>\nverantwortlich.<br \/>\n6.7<br \/>\nHat der Kunde in der Frist von Ziffer 6.6 mitgeteilt, dass die Ware auf dem Postweg<br \/>\nbesch\u00e4digt oder verloren gegangen ist, so wird DogBite GbR<br \/>\nunverz\u00fcglich Ersatzanspr\u00fcche gegen\u00fcber dem Verursacher anmelden oder Nachforschungsantr\u00e4ge hinsichtlich des Verbleibs der Ware stellen. DogBite GbR\u00a0ist nicht verpflichtet, eine Ersatzlieferung an den Kunden durchzuf\u00fchren oder den Kaufpreis an den Kunden zur\u00fcckzuerstatten, solange der Transportschaden nicht eindeutig festgestellt oder das Nachforschungsverfahren noch nicht abgeschlossen wurde.<br \/>\n<b>7. Gew\u00e4hrleistung<\/b><br \/>\n7.1<br \/>\nM\u00e4ngel bez\u00fcglich des Produkts wird der Kunde DogBite GbR\u00a0mitteilen und zus\u00e4tzlich das Produkt auf Kosten von DogBite GbR \u00fcbersenden.<br \/>\n7.2<br \/>\nDie Gew\u00e4hrleistung des Anbieters richtet sich nach \u00a7\u00a7 433 ff. BGB. Im<br \/>\nunternehmerischen Gesch\u00e4ftverkehr ist die Gew\u00e4hrleistung auf ein Jahr begrenzt. DogBite GbR\u00a0ist berechtigt, das Produkt nach seiner Wahl zu reparieren oder kostenfrei Ersatz zu stellen.<br \/>\n7.3<br \/>\nGew\u00e4hrleistungsrechte sind grunds\u00e4tzlich ausgeschlossen bei Waren, die ausschlie\u00dflich als historische Sammlerst\u00fccke ohne Funktionsgarantie verkauft und als solche bezeichnet werden.<br \/>\n<b>8. Haftung<\/b><br \/>\nDogBite GbR\u00a0haftet dem Grunde nach bei Verletzung wesentlicher<br \/>\nVertragspflichten sowie im \u00fcbrigen bei Vorsatz und grober Fahrl\u00e4ssigkeit. Eine<br \/>\ndar\u00fcber hinausgehende Haftung von DogBite GbR<br \/>\nist ausgeschlossen. In jedem Fall ist die Haftung von DogBite GbR<br \/>\nder H\u00f6he nach auf Ersatz des typischen vorhersehbaren Schadens begrenzt.<br \/>\nEin Mitverschulden des Kunden ist diesem anzurechnen.<br \/>\nDie Haftung wegen Vorsatz, Garantie, Arglist und f\u00fcr Personensch\u00e4den sowie nach<br \/>\ndem Produkthaftungsgesetz bleibt hiervon unber\u00fchrt.<br \/>\n<b><br \/>\n9. H\u00f6here Gewalt<\/b><br \/>\nF\u00fcr den Fall, dass DogBite GbR\u00a0die geschuldete Leistung aufgrund h\u00f6herer Gewalt (insbesondere Krieg, Naturkatastrophen) nicht erbringen kann, ist DogBite GbR\u00a0f\u00fcr die Dauer der Hinderung von der Leistungspflicht befreit. Ist\u00a0 DogBite GbR\u00a0die Ausf\u00fchrung der Bestellung bzw. Lieferung der Ware l\u00e4nger als einen Monat aufgrund h\u00f6herer Gewalt unm\u00f6glich, so ist der Kunde zum R\u00fccktritt vom Vertrag berechtigt. Weitere Rechte stehen dem Kunden in diesem Fall nicht zu.<br \/>\n<b><br \/>\n10. Datenschutz<\/b><br \/>\nDogBite GbR\u00a0wird s\u00e4mtliche datenschutzrechtliche Erfordernisse,<br \/>\ninsbesondere die Vorgaben des Teledienstdatenschutzgesetzes, beachten.<br \/>\n<b>11. Schlussbestimmungen<\/b><br \/>\n11.1<br \/>\nVertragssprache ist Deutsch<br \/>\n11.2<br \/>\nF\u00fcr den zwischen DogBite GbR\u00a0und dem Kunden geschlossenen Vertrag gilt ausschlie\u00dflich das Recht der Bundesrepublik Deutschland. Das UN-Kaufrecht wird ausdr\u00fccklich ausgeschlossen.<br \/>\n11.3<br \/>\nErf\u00fcllungsort ist der Firmensitz von\u00a0Gerichtsstand f\u00fcr alle Streitigkeiten aus dem Vertragsverh\u00e4ltnis ist Bad Waldsee, sofern der Kunde &#8220;Unternehmer&#8221; im Sinne des \u00a7 14 BGB ist. In allen anderen F\u00e4llen gilt der gesetzliche Gerichtsstand.<br \/>\n11.4<br \/>\nSollte eine Bestimmung dieser Bedingung nichtig sein oder werden, so bleiben die<br \/>\nBedingungen \u00fcbrigens wirksam. DogBite GbR\u00a0und der Kunde werden die nichtige Bestimmung durch eine solche wirksame ersetzen, die dem Willen der<br \/>\nVertragspartner wirtschaftlich am n\u00e4chsten kommt.<\/p>\n","protected":false},"excerpt":{"rendered":"<p>Allgemeine Gesch\u00e4ftsbedingungen DogBite GbR Stauferring 7 D-88339 Bad Waldsee Tel: +49 (0) 7524-804463 Fax: +49 (0) 7524-49997 1. Vertragsgrundlage Allen Vertr\u00e4gen, die der Kunde \u00fcber das Internet oder mittels sonstiger Fernkommunikationsmittel mit . DogBite GbR abschlie\u00dft, liegen ausschlie\u00dflich diese AGB zugrunde. Diese erkennt der Kunde mit seiner Bestellung ausdr\u00fccklich an. 2. Produktauswahl 2.1 Eigentumsvorbehalt: Bis&#8230;<\/p>\n","protected":false},"author":1,"featured_media":0,"parent":367,"menu_order":0,"comment_status":"open","ping_status":"open","template":"","meta":{"footnotes":""},"class_list":["post-366","page","type-page","status-publish","hentry"],"_links":{"self":[{"href":"https:\/\/dogbite.de\/en\/wp-json\/wp\/v2\/pages\/366","targetHints":{"allow":["GET"]}}],"collection":[{"href":"https:\/\/dogbite.de\/en\/wp-json\/wp\/v2\/pages"}],"about":[{"href":"https:\/\/dogbite.de\/en\/wp-json\/wp\/v2\/types\/page"}],"author":[{"embeddable":true,"href":"https:\/\/dogbite.de\/en\/wp-json\/wp\/v2\/users\/1"}],"replies":[{"embeddable":true,"href":"https:\/\/dogbite.de\/en\/wp-json\/wp\/v2\/comments?post=366"}],"version-history":[{"count":1,"href":"https:\/\/dogbite.de\/en\/wp-json\/wp\/v2\/pages\/366\/revisions"}],"predecessor-version":[{"id":369,"href":"https:\/\/dogbite.de\/en\/wp-json\/wp\/v2\/pages\/366\/revisions\/369"}],"up":[{"embeddable":true,"href":"https:\/\/dogbite.de\/en\/wp-json\/wp\/v2\/pages\/367"}],"wp:attachment":[{"href":"https:\/\/dogbite.de\/en\/wp-json\/wp\/v2\/media?parent=366"}],"curies":[{"name":"wp","href":"https:\/\/api.w.org\/{rel}","templated":true}]}}